{"id":256,"date":"2023-04-06T15:09:29","date_gmt":"2023-04-06T15:09:29","guid":{"rendered":"https:\/\/www.lescale.bzh\/our-bedrooms\/chambre-jersey\/"},"modified":"2023-11-16T14:45:19","modified_gmt":"2023-11-16T14:45:19","slug":"jersey-bedroom","status":"publish","type":"page","link":"https:\/\/www.lescale.bzh\/en\/our-bedrooms\/jersey-bedroom\/","title":{"rendered":"Jersey Bedroom"},"content":{"rendered":"<p style=\"text-align: center\">Discover the Jersey room, an oasis of comfort nestling in the heart of the small harbour of Locquirec, in Finist\u00e8re, Brittany.<br \/>\nThis spacious 17 m\u00b2 (183ft\u00b2) room offers breathtaking harbour view from its<strong> lovely private balcony<\/strong>. Enjoy this <strong>spectacular view<\/strong> by relaxing with a book or a glass of local cider.<\/p>\n<p style=\"text-align: center\">The Jersey room has a king-size bed (180 x 200 cm) for a good night&#8217;s sleep!<br \/>\nIt also has all the comforts you need to feel like home.<\/p>\n<p style=\"text-align: center\">If you are travelling with a child or friend,<strong> an extra single bed can be added<\/strong> for up to 3 people.<\/p>\n<p style=\"text-align: center\">This room is tastefully decorated in a <strong>bright English style<\/strong>. Touches of green recall the emerald green of the bay under the sun.<br \/>\nThe bathroom is modern and functional. It includes <strong>a spacious shower and bathtub<\/strong> for an intimate moment of relaxation.<\/p>\n<p style=\"text-align: center\">Book the Jersey room now for a unique experience in Locquirec, just 100 metres from the beach.<br \/>\nFrom \u20ac140 per night, including breakfast, access to the heated indoor swimming pool and gym!<\/p>\n<p style=\"text-align: center\">You&#8217;ll enjoy <strong>breathtaking views over the harbour<\/strong> and exceptional comfort for an unforgettable holiday.<\/p>\n","protected":false},"excerpt":{"rendered":"<p>Discover the Jersey room, an oasis of comfort nestling in the heart of the small harbour of Locquirec, in Finist\u00e8re, Brittany. This spacious 17 m\u00b2 (183ft\u00b2) room offers breathtaking harbour view from its lovely private balcony. Enjoy this spectacular view by relaxing with a book or a glass of local cider. The Jersey room has [&hellip;]<\/p>\n","protected":false},"author":27,"featured_media":0,"parent":238,"menu_order":10,"comment_status":"closed","ping_status":"closed","template":"template-single-room.php","meta":{"footnotes":""},"yoast_head":"<!-- This site is optimized with the Yoast SEO Premium plugin v19.5 (Yoast SEO v22.3) - https:\/\/yoast.com\/wordpress\/plugins\/seo\/ -->\n<title>Jersey Bedroom - L&#039;Escale Evel Er G\u00ear<\/title>\n<meta name=\"description\" content=\"R\u00e9servez votre chambre Jersey, spacieuse et romantique offrant une superbe vue sur le port de Locquirec. Plage \u00e0 100m, piscine chauff\u00e9e, spa.\" \/>\n<meta name=\"robots\" content=\"index, follow, max-snippet:-1, max-image-preview:large, max-video-preview:-1\" \/>\n<link rel=\"canonical\" href=\"https:\/\/www.lescale.bzh\/en\/our-bedrooms\/jersey-bedroom\/\" \/>\n<meta property=\"og:locale\" content=\"en_US\" \/>\n<meta property=\"og:type\" content=\"article\" \/>\n<meta property=\"og:title\" content=\"Jersey Bedroom\" \/>\n<meta property=\"og:description\" content=\"R\u00e9servez votre chambre Jersey, spacieuse et romantique offrant une superbe vue sur le port de Locquirec. Plage \u00e0 100m, piscine chauff\u00e9e, spa.\" \/>\n<meta property=\"og:url\" content=\"https:\/\/www.lescale.bzh\/en\/our-bedrooms\/jersey-bedroom\/\" \/>\n<meta property=\"og:site_name\" content=\"L&#039;Escale Evel Er G\u00ear\" \/>\n<meta property=\"article:modified_time\" content=\"2023-11-16T14:45:19+00:00\" \/>\n<meta name=\"twitter:card\" content=\"summary_large_image\" \/>\n<meta name=\"twitter:label1\" content=\"Est. reading time\" \/>\n\t<meta name=\"twitter:data1\" content=\"2 minutes\" \/>\n<script type=\"application\/ld+json\" class=\"yoast-schema-graph\">{\"@context\":\"https:\/\/schema.org\",\"@graph\":[{\"@type\":\"WebPage\",\"@id\":\"https:\/\/www.lescale.bzh\/en\/our-bedrooms\/jersey-bedroom\/\",\"url\":\"https:\/\/www.lescale.bzh\/en\/our-bedrooms\/jersey-bedroom\/\",\"name\":\"Jersey Bedroom - L'Escale Evel Er G\u00ear\",\"isPartOf\":{\"@id\":\"https:\/\/www.lescale.bzh\/en\/#website\"},\"datePublished\":\"2023-04-06T15:09:29+00:00\",\"dateModified\":\"2023-11-16T14:45:19+00:00\",\"description\":\"R\u00e9servez votre chambre Jersey, spacieuse et romantique offrant une superbe vue sur le port de Locquirec. Plage \u00e0 100m, piscine chauff\u00e9e, spa.\",\"breadcrumb\":{\"@id\":\"https:\/\/www.lescale.bzh\/en\/our-bedrooms\/jersey-bedroom\/#breadcrumb\"},\"inLanguage\":\"en-US\",\"potentialAction\":[{\"@type\":\"ReadAction\",\"target\":[\"https:\/\/www.lescale.bzh\/en\/our-bedrooms\/jersey-bedroom\/\"]}]},{\"@type\":\"BreadcrumbList\",\"@id\":\"https:\/\/www.lescale.bzh\/en\/our-bedrooms\/jersey-bedroom\/#breadcrumb\",\"itemListElement\":[{\"@type\":\"ListItem\",\"position\":1,\"name\":\"Home\",\"item\":\"https:\/\/www.lescale.bzh\/en\/\"},{\"@type\":\"ListItem\",\"position\":2,\"name\":\"Bedrooms\",\"item\":\"https:\/\/www.lescale.bzh\/en\/our-bedrooms\/\"},{\"@type\":\"ListItem\",\"position\":3,\"name\":\"Jersey Bedroom\"}]},{\"@type\":\"WebSite\",\"@id\":\"https:\/\/www.lescale.bzh\/en\/#website\",\"url\":\"https:\/\/www.lescale.bzh\/en\/\",\"name\":\"L'Escale Evel Er G\u00ear\",\"description\":\"\",\"potentialAction\":[{\"@type\":\"SearchAction\",\"target\":{\"@type\":\"EntryPoint\",\"urlTemplate\":\"https:\/\/www.lescale.bzh\/en\/?s={search_term_string}\"},\"query-input\":\"required name=search_term_string\"}],\"inLanguage\":\"en-US\"}]}<\/script>\n<!-- \/ Yoast SEO Premium plugin. -->","yoast_head_json":{"title":"Jersey Bedroom - L'Escale Evel Er G\u00ear","description":"R\u00e9servez votre chambre Jersey, spacieuse et romantique offrant une superbe vue sur le port de Locquirec. Plage \u00e0 100m, piscine chauff\u00e9e, spa.","robots":{"index":"index","follow":"follow","max-snippet":"max-snippet:-1","max-image-preview":"max-image-preview:large","max-video-preview":"max-video-preview:-1"},"canonical":"https:\/\/www.lescale.bzh\/en\/our-bedrooms\/jersey-bedroom\/","og_locale":"en_US","og_type":"article","og_title":"Jersey Bedroom","og_description":"R\u00e9servez votre chambre Jersey, spacieuse et romantique offrant une superbe vue sur le port de Locquirec. Plage \u00e0 100m, piscine chauff\u00e9e, spa.","og_url":"https:\/\/www.lescale.bzh\/en\/our-bedrooms\/jersey-bedroom\/","og_site_name":"L'Escale Evel Er G\u00ear","article_modified_time":"2023-11-16T14:45:19+00:00","twitter_card":"summary_large_image","twitter_misc":{"Est. reading time":"2 minutes"},"schema":{"@context":"https:\/\/schema.org","@graph":[{"@type":"WebPage","@id":"https:\/\/www.lescale.bzh\/en\/our-bedrooms\/jersey-bedroom\/","url":"https:\/\/www.lescale.bzh\/en\/our-bedrooms\/jersey-bedroom\/","name":"Jersey Bedroom - L'Escale Evel Er G\u00ear","isPartOf":{"@id":"https:\/\/www.lescale.bzh\/en\/#website"},"datePublished":"2023-04-06T15:09:29+00:00","dateModified":"2023-11-16T14:45:19+00:00","description":"R\u00e9servez votre chambre Jersey, spacieuse et romantique offrant une superbe vue sur le port de Locquirec. Plage \u00e0 100m, piscine chauff\u00e9e, spa.","breadcrumb":{"@id":"https:\/\/www.lescale.bzh\/en\/our-bedrooms\/jersey-bedroom\/#breadcrumb"},"inLanguage":"en-US","potentialAction":[{"@type":"ReadAction","target":["https:\/\/www.lescale.bzh\/en\/our-bedrooms\/jersey-bedroom\/"]}]},{"@type":"BreadcrumbList","@id":"https:\/\/www.lescale.bzh\/en\/our-bedrooms\/jersey-bedroom\/#breadcrumb","itemListElement":[{"@type":"ListItem","position":1,"name":"Home","item":"https:\/\/www.lescale.bzh\/en\/"},{"@type":"ListItem","position":2,"name":"Bedrooms","item":"https:\/\/www.lescale.bzh\/en\/our-bedrooms\/"},{"@type":"ListItem","position":3,"name":"Jersey Bedroom"}]},{"@type":"WebSite","@id":"https:\/\/www.lescale.bzh\/en\/#website","url":"https:\/\/www.lescale.bzh\/en\/","name":"L'Escale Evel Er G\u00ear","description":"","potentialAction":[{"@type":"SearchAction","target":{"@type":"EntryPoint","urlTemplate":"https:\/\/www.lescale.bzh\/en\/?s={search_term_string}"},"query-input":"required name=search_term_string"}],"inLanguage":"en-US"}]}},"acf":[],"_links":{"self":[{"href":"https:\/\/www.lescale.bzh\/en\/wp-json\/wp\/v2\/pages\/256"}],"collection":[{"href":"https:\/\/www.lescale.bzh\/en\/wp-json\/wp\/v2\/pages"}],"about":[{"href":"https:\/\/www.lescale.bzh\/en\/wp-json\/wp\/v2\/types\/page"}],"author":[{"embeddable":true,"href":"https:\/\/www.lescale.bzh\/en\/wp-json\/wp\/v2\/users\/27"}],"replies":[{"embeddable":true,"href":"https:\/\/www.lescale.bzh\/en\/wp-json\/wp\/v2\/comments?post=256"}],"version-history":[{"count":0,"href":"https:\/\/www.lescale.bzh\/en\/wp-json\/wp\/v2\/pages\/256\/revisions"}],"up":[{"embeddable":true,"href":"https:\/\/www.lescale.bzh\/en\/wp-json\/wp\/v2\/pages\/238"}],"wp:attachment":[{"href":"https:\/\/www.lescale.bzh\/en\/wp-json\/wp\/v2\/media?parent=256"}],"curies":[{"name":"wp","href":"https:\/\/api.w.org\/{rel}","templated":true}]}}