{"id":261,"date":"2023-04-06T15:28:18","date_gmt":"2023-04-06T15:28:18","guid":{"rendered":"https:\/\/www.lescale.bzh\/our-bedrooms\/chambre-brehat\/"},"modified":"2023-11-16T14:47:13","modified_gmt":"2023-11-16T14:47:13","slug":"chambre-brehat","status":"publish","type":"page","link":"https:\/\/www.lescale.bzh\/en\/our-bedrooms\/chambre-brehat\/","title":{"rendered":"Br\u00e9hat Bedroom"},"content":{"rendered":"<p style=\"text-align: center\">Discover the Br\u00e9hat room, <strong>a cocoon of peace<\/strong> and comfort <strong>with a sea view<\/strong>. This spacious 23 m\u00b2 room is decorated in a bohemian style with touches of orange and brown.<br \/>\nRelax with a book or watch the sunrise over the sea.<\/p>\n<p style=\"text-align: center\">The Br\u00e9hat Room has a king-size bed (180 x 200 cm) for a good night&#8217;s sleep and all the comforts you need to feel at home.<br \/>\nIf you are travelling with children or friends, it is possible to add up to 3 extra single beds for <strong>up to 5 people<\/strong>.<\/p>\n<p style=\"text-align: center\">The bathroom is large and functional, with a spacious shower and bath for private relaxation.<br \/>\nThis room is <strong>ideal for families or groups of friends<\/strong> looking for a comfortable and friendly place to stay in Brittany.<\/p>\n","protected":false},"excerpt":{"rendered":"<p>Discover the Br\u00e9hat room, a cocoon of peace and comfort with a sea view. This spacious 23 m\u00b2 room is decorated in a bohemian style with touches of orange and brown. Relax with a book or watch the sunrise over the sea. The Br\u00e9hat Room has a king-size bed (180 x 200 cm) for a [&hellip;]<\/p>\n","protected":false},"author":27,"featured_media":0,"parent":238,"menu_order":40,"comment_status":"closed","ping_status":"closed","template":"template-single-room.php","meta":{"footnotes":""},"yoast_head":"<!-- This site is optimized with the Yoast SEO Premium plugin v19.5 (Yoast SEO v22.3) - https:\/\/yoast.com\/wordpress\/plugins\/seo\/ -->\n<title>Br\u00e9hat Bedroom - L&#039;Escale Evel Er G\u00ear<\/title>\n<meta name=\"description\" content=\"Discover the Br\u00e9hat room, a cocoon of peace and comfort with a sea view. This spacious 23 m\u00b2 room is decorated in a bohemian style with touches of orange\" \/>\n<meta name=\"robots\" content=\"index, follow, max-snippet:-1, max-image-preview:large, max-video-preview:-1\" \/>\n<link rel=\"canonical\" href=\"https:\/\/www.lescale.bzh\/en\/our-bedrooms\/chambre-brehat\/\" \/>\n<meta property=\"og:locale\" content=\"en_US\" \/>\n<meta property=\"og:type\" content=\"article\" \/>\n<meta property=\"og:title\" content=\"Br\u00e9hat Bedroom\" \/>\n<meta property=\"og:description\" content=\"Discover the Br\u00e9hat room, a cocoon of peace and comfort with a sea view. This spacious 23 m\u00b2 room is decorated in a bohemian style with touches of orange\" \/>\n<meta property=\"og:url\" content=\"https:\/\/www.lescale.bzh\/en\/our-bedrooms\/chambre-brehat\/\" \/>\n<meta property=\"og:site_name\" content=\"L&#039;Escale Evel Er G\u00ear\" \/>\n<meta property=\"article:modified_time\" content=\"2023-11-16T14:47:13+00:00\" \/>\n<meta name=\"twitter:card\" content=\"summary_large_image\" \/>\n<meta name=\"twitter:label1\" content=\"Est. reading time\" \/>\n\t<meta name=\"twitter:data1\" content=\"1 minute\" \/>\n<script type=\"application\/ld+json\" class=\"yoast-schema-graph\">{\"@context\":\"https:\/\/schema.org\",\"@graph\":[{\"@type\":\"WebPage\",\"@id\":\"https:\/\/www.lescale.bzh\/en\/our-bedrooms\/chambre-brehat\/\",\"url\":\"https:\/\/www.lescale.bzh\/en\/our-bedrooms\/chambre-brehat\/\",\"name\":\"Br\u00e9hat Bedroom - L'Escale Evel Er G\u00ear\",\"isPartOf\":{\"@id\":\"https:\/\/www.lescale.bzh\/en\/#website\"},\"datePublished\":\"2023-04-06T15:28:18+00:00\",\"dateModified\":\"2023-11-16T14:47:13+00:00\",\"description\":\"Discover the Br\u00e9hat room, a cocoon of peace and comfort with a sea view. This spacious 23 m\u00b2 room is decorated in a bohemian style with touches of orange\",\"breadcrumb\":{\"@id\":\"https:\/\/www.lescale.bzh\/en\/our-bedrooms\/chambre-brehat\/#breadcrumb\"},\"inLanguage\":\"en-US\",\"potentialAction\":[{\"@type\":\"ReadAction\",\"target\":[\"https:\/\/www.lescale.bzh\/en\/our-bedrooms\/chambre-brehat\/\"]}]},{\"@type\":\"BreadcrumbList\",\"@id\":\"https:\/\/www.lescale.bzh\/en\/our-bedrooms\/chambre-brehat\/#breadcrumb\",\"itemListElement\":[{\"@type\":\"ListItem\",\"position\":1,\"name\":\"Home\",\"item\":\"https:\/\/www.lescale.bzh\/en\/\"},{\"@type\":\"ListItem\",\"position\":2,\"name\":\"Bedrooms\",\"item\":\"https:\/\/www.lescale.bzh\/en\/our-bedrooms\/\"},{\"@type\":\"ListItem\",\"position\":3,\"name\":\"Br\u00e9hat Bedroom\"}]},{\"@type\":\"WebSite\",\"@id\":\"https:\/\/www.lescale.bzh\/en\/#website\",\"url\":\"https:\/\/www.lescale.bzh\/en\/\",\"name\":\"L'Escale Evel Er G\u00ear\",\"description\":\"\",\"potentialAction\":[{\"@type\":\"SearchAction\",\"target\":{\"@type\":\"EntryPoint\",\"urlTemplate\":\"https:\/\/www.lescale.bzh\/en\/?s={search_term_string}\"},\"query-input\":\"required name=search_term_string\"}],\"inLanguage\":\"en-US\"}]}<\/script>\n<!-- \/ Yoast SEO Premium plugin. -->","yoast_head_json":{"title":"Br\u00e9hat Bedroom - L'Escale Evel Er G\u00ear","description":"Discover the Br\u00e9hat room, a cocoon of peace and comfort with a sea view. This spacious 23 m\u00b2 room is decorated in a bohemian style with touches of orange","robots":{"index":"index","follow":"follow","max-snippet":"max-snippet:-1","max-image-preview":"max-image-preview:large","max-video-preview":"max-video-preview:-1"},"canonical":"https:\/\/www.lescale.bzh\/en\/our-bedrooms\/chambre-brehat\/","og_locale":"en_US","og_type":"article","og_title":"Br\u00e9hat Bedroom","og_description":"Discover the Br\u00e9hat room, a cocoon of peace and comfort with a sea view. This spacious 23 m\u00b2 room is decorated in a bohemian style with touches of orange","og_url":"https:\/\/www.lescale.bzh\/en\/our-bedrooms\/chambre-brehat\/","og_site_name":"L'Escale Evel Er G\u00ear","article_modified_time":"2023-11-16T14:47:13+00:00","twitter_card":"summary_large_image","twitter_misc":{"Est. reading time":"1 minute"},"schema":{"@context":"https:\/\/schema.org","@graph":[{"@type":"WebPage","@id":"https:\/\/www.lescale.bzh\/en\/our-bedrooms\/chambre-brehat\/","url":"https:\/\/www.lescale.bzh\/en\/our-bedrooms\/chambre-brehat\/","name":"Br\u00e9hat Bedroom - L'Escale Evel Er G\u00ear","isPartOf":{"@id":"https:\/\/www.lescale.bzh\/en\/#website"},"datePublished":"2023-04-06T15:28:18+00:00","dateModified":"2023-11-16T14:47:13+00:00","description":"Discover the Br\u00e9hat room, a cocoon of peace and comfort with a sea view. This spacious 23 m\u00b2 room is decorated in a bohemian style with touches of orange","breadcrumb":{"@id":"https:\/\/www.lescale.bzh\/en\/our-bedrooms\/chambre-brehat\/#breadcrumb"},"inLanguage":"en-US","potentialAction":[{"@type":"ReadAction","target":["https:\/\/www.lescale.bzh\/en\/our-bedrooms\/chambre-brehat\/"]}]},{"@type":"BreadcrumbList","@id":"https:\/\/www.lescale.bzh\/en\/our-bedrooms\/chambre-brehat\/#breadcrumb","itemListElement":[{"@type":"ListItem","position":1,"name":"Home","item":"https:\/\/www.lescale.bzh\/en\/"},{"@type":"ListItem","position":2,"name":"Bedrooms","item":"https:\/\/www.lescale.bzh\/en\/our-bedrooms\/"},{"@type":"ListItem","position":3,"name":"Br\u00e9hat Bedroom"}]},{"@type":"WebSite","@id":"https:\/\/www.lescale.bzh\/en\/#website","url":"https:\/\/www.lescale.bzh\/en\/","name":"L'Escale Evel Er G\u00ear","description":"","potentialAction":[{"@type":"SearchAction","target":{"@type":"EntryPoint","urlTemplate":"https:\/\/www.lescale.bzh\/en\/?s={search_term_string}"},"query-input":"required name=search_term_string"}],"inLanguage":"en-US"}]}},"acf":[],"_links":{"self":[{"href":"https:\/\/www.lescale.bzh\/en\/wp-json\/wp\/v2\/pages\/261"}],"collection":[{"href":"https:\/\/www.lescale.bzh\/en\/wp-json\/wp\/v2\/pages"}],"about":[{"href":"https:\/\/www.lescale.bzh\/en\/wp-json\/wp\/v2\/types\/page"}],"author":[{"embeddable":true,"href":"https:\/\/www.lescale.bzh\/en\/wp-json\/wp\/v2\/users\/27"}],"replies":[{"embeddable":true,"href":"https:\/\/www.lescale.bzh\/en\/wp-json\/wp\/v2\/comments?post=261"}],"version-history":[{"count":0,"href":"https:\/\/www.lescale.bzh\/en\/wp-json\/wp\/v2\/pages\/261\/revisions"}],"up":[{"embeddable":true,"href":"https:\/\/www.lescale.bzh\/en\/wp-json\/wp\/v2\/pages\/238"}],"wp:attachment":[{"href":"https:\/\/www.lescale.bzh\/en\/wp-json\/wp\/v2\/media?parent=261"}],"curies":[{"name":"wp","href":"https:\/\/api.w.org\/{rel}","templated":true}]}}