{"id":274,"date":"2023-03-16T09:17:52","date_gmt":"2023-03-16T09:17:52","guid":{"rendered":"https:\/\/www.lescale.bzh\/lescale-evel-er-ger\/"},"modified":"2025-12-06T09:48:06","modified_gmt":"2025-12-06T09:48:06","slug":"lescale-evel-er-ger","status":"publish","type":"page","link":"https:\/\/www.lescale.bzh\/en\/","title":{"rendered":"L&#8217;Escale Evel Er G\u00ear"},"content":{"rendered":"<p style=\"text-align: center\">For a seaside holiday, a romantic weekend away or a break on the <strong>GR34<\/strong>, come and relax at Jean-Fran\u00e7ois&#8217;s house in Locquirec.<\/p>\n<p style=\"text-align: center\">Straddling the C\u00f4tes d&#8217;Armor and Finist\u00e8re departments, Locquirec is the ideal place to visit the famous <strong>Pink Granite Coast<\/strong> and discover the magnificent <strong>Bay of Morlaix<\/strong>.<\/p>\n<p style=\"text-align: center\">Whether you&#8217;re a fan of lounging, exploring or <strong>hiking<\/strong>, you&#8217;re bound to find something to suit you in our splendid Breton region.<\/p>\n<p style=\"text-align: center\">In our guest house with the &#8220;Chambre d&#8217;H\u00f4tes R\u00e9f\u00e9rence&#8221; label, we welcome you as if you were at home&#8230; or almost!<\/p>\n<p style=\"text-align: center\">Situated <strong>100 metres from the vast sandy beach of the Fond de la Baie de Locquirec<\/strong> in Brittany, it comprises<strong> an independent studio apartment<\/strong> and<strong> 5 guest rooms<\/strong>, all equipped with bath and shower.<\/p>\n<p style=\"text-align: center\"><strong>The indoor swimming pool, heated to 28\u00b0C<\/strong> in season, and <strong>the gym<\/strong> are available for FREE to all our guests.<\/p>\n<p style=\"text-align: center\"><strong>A wellness area<\/strong> (jacuzzi and sauna) and <strong>comfort massages<\/strong> are optional by appointment only.<\/p>\n<p style=\"text-align: center\">To ensure a safe and pleasant environment for all our visitors, especially those with allergies, <strong>our establishment does not allow pets<\/strong>.<\/p>\n<p style=\"text-align: center\">\u00a0 \u00a0 &#8220;Guaranteed comfort in all seasons: swimming pool, sauna and jacuzzi remain operational even in the event of a power outage.&#8221;<\/p>\n","protected":false},"excerpt":{"rendered":"<p>For a seaside holiday, a romantic weekend away or a break on the GR34, come and relax at Jean-Fran\u00e7ois&#8217;s house in Locquirec. Straddling the C\u00f4tes d&#8217;Armor and Finist\u00e8re departments, Locquirec is the ideal place to visit the famous Pink Granite Coast and discover the magnificent Bay of Morlaix. Whether you&#8217;re a fan of lounging, exploring [&hellip;]<\/p>\n","protected":false},"author":15,"featured_media":0,"parent":0,"menu_order":0,"comment_status":"closed","ping_status":"closed","template":"","meta":{"footnotes":""},"yoast_head":"<!-- This site is optimized with the Yoast SEO Premium plugin v19.5 (Yoast SEO v22.3) - https:\/\/yoast.com\/wordpress\/plugins\/seo\/ -->\n<title>L&#039;Escale Evel Er G\u00ear | Maison d&#039;h\u00f4tes avec piscine en Bretagne<\/title>\n<meta name=\"description\" content=\"D\u00e9tendez-vous dans notre maison d&#039;h\u00f4tes L&#039;Escale \u00e0 Locquirec, entre les C\u00f4tes d\u2019Armor et le Finist\u00e8re. \u00e0 100 m\u00e8tres de la plage Profitez du SPA, de la piscine int\u00e9rieure chauff\u00e9e et du restaurant pour des vacances inoubliables en Bretagne.\" \/>\n<meta name=\"robots\" content=\"index, follow, max-snippet:-1, max-image-preview:large, max-video-preview:-1\" \/>\n<link rel=\"canonical\" href=\"https:\/\/www.lescale.bzh\/en\/\" \/>\n<meta property=\"og:locale\" content=\"en_US\" \/>\n<meta property=\"og:type\" content=\"article\" \/>\n<meta property=\"og:title\" content=\"L&#039;Escale Evel Er G\u00ear\" \/>\n<meta property=\"og:description\" content=\"D\u00e9tendez-vous dans notre maison d&#039;h\u00f4tes L&#039;Escale \u00e0 Locquirec, entre les C\u00f4tes d\u2019Armor et le Finist\u00e8re. \u00e0 100 m\u00e8tres de la plage Profitez du SPA, de la piscine int\u00e9rieure chauff\u00e9e et du restaurant pour des vacances inoubliables en Bretagne.\" \/>\n<meta property=\"og:url\" content=\"https:\/\/www.lescale.bzh\/en\/\" \/>\n<meta property=\"og:site_name\" content=\"L&#039;Escale Evel Er G\u00ear\" \/>\n<meta property=\"article:modified_time\" content=\"2025-12-06T09:48:06+00:00\" \/>\n<meta name=\"twitter:card\" content=\"summary_large_image\" \/>\n<meta name=\"twitter:label1\" content=\"Est. reading time\" \/>\n\t<meta name=\"twitter:data1\" content=\"2 minutes\" \/>\n<script type=\"application\/ld+json\" class=\"yoast-schema-graph\">{\"@context\":\"https:\/\/schema.org\",\"@graph\":[{\"@type\":\"WebPage\",\"@id\":\"https:\/\/www.lescale.bzh\/en\/\",\"url\":\"https:\/\/www.lescale.bzh\/en\/\",\"name\":\"L'Escale Evel Er G\u00ear | Maison d'h\u00f4tes avec piscine en Bretagne\",\"isPartOf\":{\"@id\":\"https:\/\/www.lescale.bzh\/en\/#website\"},\"datePublished\":\"2023-03-16T09:17:52+00:00\",\"dateModified\":\"2025-12-06T09:48:06+00:00\",\"description\":\"D\u00e9tendez-vous dans notre maison d'h\u00f4tes L'Escale \u00e0 Locquirec, entre les C\u00f4tes d\u2019Armor et le Finist\u00e8re. \u00e0 100 m\u00e8tres de la plage Profitez du SPA, de la piscine int\u00e9rieure chauff\u00e9e et du restaurant pour des vacances inoubliables en Bretagne.\",\"breadcrumb\":{\"@id\":\"https:\/\/www.lescale.bzh\/en\/#breadcrumb\"},\"inLanguage\":\"en-US\",\"potentialAction\":[{\"@type\":\"ReadAction\",\"target\":[\"https:\/\/www.lescale.bzh\/en\/\"]}]},{\"@type\":\"BreadcrumbList\",\"@id\":\"https:\/\/www.lescale.bzh\/en\/#breadcrumb\",\"itemListElement\":[{\"@type\":\"ListItem\",\"position\":1,\"name\":\"Home\",\"item\":\"https:\/\/www.lescale.bzh\/en\/\"},{\"@type\":\"ListItem\",\"position\":2,\"name\":\"L&rsquo;Escale Evel Er G\u00ear\"}]},{\"@type\":\"WebSite\",\"@id\":\"https:\/\/www.lescale.bzh\/en\/#website\",\"url\":\"https:\/\/www.lescale.bzh\/en\/\",\"name\":\"L'Escale Evel Er G\u00ear\",\"description\":\"\",\"potentialAction\":[{\"@type\":\"SearchAction\",\"target\":{\"@type\":\"EntryPoint\",\"urlTemplate\":\"https:\/\/www.lescale.bzh\/en\/?s={search_term_string}\"},\"query-input\":\"required name=search_term_string\"}],\"inLanguage\":\"en-US\"}]}<\/script>\n<!-- \/ Yoast SEO Premium plugin. -->","yoast_head_json":{"title":"L'Escale Evel Er G\u00ear | Maison d'h\u00f4tes avec piscine en Bretagne","description":"D\u00e9tendez-vous dans notre maison d'h\u00f4tes L'Escale \u00e0 Locquirec, entre les C\u00f4tes d\u2019Armor et le Finist\u00e8re. \u00e0 100 m\u00e8tres de la plage Profitez du SPA, de la piscine int\u00e9rieure chauff\u00e9e et du restaurant pour des vacances inoubliables en Bretagne.","robots":{"index":"index","follow":"follow","max-snippet":"max-snippet:-1","max-image-preview":"max-image-preview:large","max-video-preview":"max-video-preview:-1"},"canonical":"https:\/\/www.lescale.bzh\/en\/","og_locale":"en_US","og_type":"article","og_title":"L'Escale Evel Er G\u00ear","og_description":"D\u00e9tendez-vous dans notre maison d'h\u00f4tes L'Escale \u00e0 Locquirec, entre les C\u00f4tes d\u2019Armor et le Finist\u00e8re. \u00e0 100 m\u00e8tres de la plage Profitez du SPA, de la piscine int\u00e9rieure chauff\u00e9e et du restaurant pour des vacances inoubliables en Bretagne.","og_url":"https:\/\/www.lescale.bzh\/en\/","og_site_name":"L'Escale Evel Er G\u00ear","article_modified_time":"2025-12-06T09:48:06+00:00","twitter_card":"summary_large_image","twitter_misc":{"Est. reading time":"2 minutes"},"schema":{"@context":"https:\/\/schema.org","@graph":[{"@type":"WebPage","@id":"https:\/\/www.lescale.bzh\/en\/","url":"https:\/\/www.lescale.bzh\/en\/","name":"L'Escale Evel Er G\u00ear | Maison d'h\u00f4tes avec piscine en Bretagne","isPartOf":{"@id":"https:\/\/www.lescale.bzh\/en\/#website"},"datePublished":"2023-03-16T09:17:52+00:00","dateModified":"2025-12-06T09:48:06+00:00","description":"D\u00e9tendez-vous dans notre maison d'h\u00f4tes L'Escale \u00e0 Locquirec, entre les C\u00f4tes d\u2019Armor et le Finist\u00e8re. \u00e0 100 m\u00e8tres de la plage Profitez du SPA, de la piscine int\u00e9rieure chauff\u00e9e et du restaurant pour des vacances inoubliables en Bretagne.","breadcrumb":{"@id":"https:\/\/www.lescale.bzh\/en\/#breadcrumb"},"inLanguage":"en-US","potentialAction":[{"@type":"ReadAction","target":["https:\/\/www.lescale.bzh\/en\/"]}]},{"@type":"BreadcrumbList","@id":"https:\/\/www.lescale.bzh\/en\/#breadcrumb","itemListElement":[{"@type":"ListItem","position":1,"name":"Home","item":"https:\/\/www.lescale.bzh\/en\/"},{"@type":"ListItem","position":2,"name":"L&rsquo;Escale Evel Er G\u00ear"}]},{"@type":"WebSite","@id":"https:\/\/www.lescale.bzh\/en\/#website","url":"https:\/\/www.lescale.bzh\/en\/","name":"L'Escale Evel Er G\u00ear","description":"","potentialAction":[{"@type":"SearchAction","target":{"@type":"EntryPoint","urlTemplate":"https:\/\/www.lescale.bzh\/en\/?s={search_term_string}"},"query-input":"required name=search_term_string"}],"inLanguage":"en-US"}]}},"acf":[],"_links":{"self":[{"href":"https:\/\/www.lescale.bzh\/en\/wp-json\/wp\/v2\/pages\/274"}],"collection":[{"href":"https:\/\/www.lescale.bzh\/en\/wp-json\/wp\/v2\/pages"}],"about":[{"href":"https:\/\/www.lescale.bzh\/en\/wp-json\/wp\/v2\/types\/page"}],"author":[{"embeddable":true,"href":"https:\/\/www.lescale.bzh\/en\/wp-json\/wp\/v2\/users\/15"}],"replies":[{"embeddable":true,"href":"https:\/\/www.lescale.bzh\/en\/wp-json\/wp\/v2\/comments?post=274"}],"version-history":[{"count":0,"href":"https:\/\/www.lescale.bzh\/en\/wp-json\/wp\/v2\/pages\/274\/revisions"}],"wp:attachment":[{"href":"https:\/\/www.lescale.bzh\/en\/wp-json\/wp\/v2\/media?parent=274"}],"curies":[{"name":"wp","href":"https:\/\/api.w.org\/{rel}","templated":true}]}}